{"id":8,"date":"2021-03-13T19:43:03","date_gmt":"2021-03-13T19:43:03","guid":{"rendered":"http:\/\/www.reedbed-gundogs.com\/?page_id=8"},"modified":"2021-03-15T10:33:16","modified_gmt":"2021-03-15T10:33:16","slug":"aboutme","status":"publish","type":"page","link":"http:\/\/www.reedbed-gundogs.com\/?page_id=8","title":{"rendered":"AboutMe"},"content":{"rendered":"\n<div style=\"height:49px\" aria-hidden=\"true\" class=\"wp-block-spacer\"><\/div>\n\n\n\n<h2 class=\"has-text-align-center wp-block-heading\">\u00dcber Mich<\/h2>\n\n\n\n<div class=\"wp-block-image\"><figure class=\"aligncenter size-large\"><img loading=\"lazy\" decoding=\"async\" width=\"1024\" height=\"756\" src=\"http:\/\/www.reedbed-gundogs.com\/wp-content\/uploads\/2021\/03\/136157720_227928902176700_8114900959462557763_n-1-1024x756.jpg\" alt=\"\" class=\"wp-image-839\" srcset=\"http:\/\/www.reedbed-gundogs.com\/wp-content\/uploads\/2021\/03\/136157720_227928902176700_8114900959462557763_n-1-1024x756.jpg 1024w, http:\/\/www.reedbed-gundogs.com\/wp-content\/uploads\/2021\/03\/136157720_227928902176700_8114900959462557763_n-1-300x221.jpg 300w, http:\/\/www.reedbed-gundogs.com\/wp-content\/uploads\/2021\/03\/136157720_227928902176700_8114900959462557763_n-1-768x567.jpg 768w, http:\/\/www.reedbed-gundogs.com\/wp-content\/uploads\/2021\/03\/136157720_227928902176700_8114900959462557763_n-1.jpg 1355w\" sizes=\"auto, (max-width: 1024px) 100vw, 1024px\" \/><\/figure><\/div>\n\n\n\n<p class=\"has-text-align-center\">Mein Name ist Ilona Bartos und ich komme geb\u00fcrtig aus Polen, mittlerweile wohne ich aber im w\u00fcndersch\u00f6nen Wien.<\/p>\n\n\n\n<p class=\"has-text-align-center\">Meine Leidenschaft zu Hunden wurde schon in meiner Kindheit geweckt. Neben der Familie sind meine Hunde das Wichtigste in meinem Leben. Bevor ich aber mit meiner Zucht begann, habe ich mir viele Z\u00fcchter angeschaut, viel gelesen und auch etliche Kennels besucht.&nbsp;<br>Mittlerweile sind daraus ganz tolle Freundschaften entstanden. J\u00e4hrlich reise ich deshalb mit meinem Rudel durch die ganze Welt um mit Freunden und unseren Retrievern zu trainieren.<\/p>\n\n\n\n<p class=\"has-text-align-center\">Meine erste eigene Zuchth\u00fcndin war Norbeck Fiona of Tweedshot &#8222;Apple&#8220; von StanTweedy &#8211; mit ihr begann 2015 mein Traum von der eigenen Zuchtst\u00e4tte ReedBed.<br>Apple lebt noch immer bei mir und genie\u00dft ihren wohlverdienten Ruhestand und ich hoffe, dass wir noch viele<br>gl\u00fcckliche gemeinsame Jagdtage und Jahre miteinander verbringen werden!<br>Ein Leben ohne sie w\u00e4re f\u00fcr mich nicht vorstellbar. Meine Hunde sind eng mit mir verbunden und k\u00f6nnen sich in meinen vier W\u00e4nden mit Garten frei bewegen. Sie begleiten mich auf all meinen Unternehmungen.<\/p>\n\n\n\n<p class=\"has-text-align-center\">Seit dem Jahr 2007 bin ich auch J\u00e4gerin und mein Rudel ist bei der Jagd immer mit dabei. Mir ist es sehr wichtig die Eigenschaften des Retrievers zu f\u00f6rdern und man sieht, wie die Hunde bei der Arbeit Freude haben.<br>Ich bin seit \u00fcber 20 Jahren im Leistungssport mit meinen Retrievern.<br>Meine ersten zwei Golden Retriever waren Rettungshunde und bei internationalen Eins\u00e4tzen t\u00e4tig.<br>Ich z\u00fcchte nach den strengen Auflagen des \u00d6sterreichischen Retrieverclubs (<a rel=\"noreferrer noopener\" href=\"http:\/\/www.retrieverclub.at\" target=\"_blank\">\u00d6RC<\/a>) und unterliege somit auch j\u00e4hrlichen Gesundheitsuntersuchungen. Ich bin Mitglied im \u00d6RC, dieser unterliegt dem \u00d6sterreichischen Kynologenverband (<a rel=\"noreferrer noopener\" href=\"http:\/\/www.oekv.at\" target=\"_blank\">\u00d6KV<\/a>) und dieser ist Mitglied beim Federation Cynologique International (<a rel=\"noreferrer noopener\" href=\"http:\/\/www.fci.be\/de\/\" target=\"_blank\">FCI<\/a>).<\/p>\n\n\n\n<p class=\"has-text-align-center\">\u200bWieso ich Retriever z\u00fcchte, hat gewisse Gr\u00fcnde: Ich liebe dieses ruhige Wesen, die Treue, dieses Vertraute und diesen Menschanbezug im Alltag, gegens\u00e4tzlich aber dieses selbstst\u00e4ndige Arbeiten am Feld, die Schnelligkeit und dieses &#8222;Will-to-Please&#8220;.<\/p>\n\n\n\n<p>\u200b<\/p>\n","protected":false},"excerpt":{"rendered":"<p>\u00dcber Mich Mein Name ist Ilona Bartos und ich komme geb\u00fcrtig aus Polen, mittlerweile wohne ich aber im w\u00fcndersch\u00f6nen Wien. Meine Leidenschaft zu Hunden wurde schon in meiner Kindheit geweckt. Neben der Familie sind meine Hunde das Wichtigste in meinem Leben. Bevor ich aber mit meiner Zucht begann, habe ich mir viele Z\u00fcchter angeschaut, viel [&hellip;]<\/p>\n","protected":false},"author":1,"featured_media":0,"parent":0,"menu_order":0,"comment_status":"closed","ping_status":"closed","template":"page-templates\/full-width-page.php","meta":{"footnotes":""},"class_list":["post-8","page","type-page","status-publish","hentry"],"_links":{"self":[{"href":"http:\/\/www.reedbed-gundogs.com\/index.php?rest_route=\/wp\/v2\/pages\/8","targetHints":{"allow":["GET"]}}],"collection":[{"href":"http:\/\/www.reedbed-gundogs.com\/index.php?rest_route=\/wp\/v2\/pages"}],"about":[{"href":"http:\/\/www.reedbed-gundogs.com\/index.php?rest_route=\/wp\/v2\/types\/page"}],"author":[{"embeddable":true,"href":"http:\/\/www.reedbed-gundogs.com\/index.php?rest_route=\/wp\/v2\/users\/1"}],"replies":[{"embeddable":true,"href":"http:\/\/www.reedbed-gundogs.com\/index.php?rest_route=%2Fwp%2Fv2%2Fcomments&post=8"}],"version-history":[{"count":13,"href":"http:\/\/www.reedbed-gundogs.com\/index.php?rest_route=\/wp\/v2\/pages\/8\/revisions"}],"predecessor-version":[{"id":850,"href":"http:\/\/www.reedbed-gundogs.com\/index.php?rest_route=\/wp\/v2\/pages\/8\/revisions\/850"}],"wp:attachment":[{"href":"http:\/\/www.reedbed-gundogs.com\/index.php?rest_route=%2Fwp%2Fv2%2Fmedia&parent=8"}],"curies":[{"name":"wp","href":"https:\/\/api.w.org\/{rel}","templated":true}]}}